{"id":70647,"date":"2023-03-08T16:55:40","date_gmt":"2023-03-08T15:55:40","guid":{"rendered":"https:\/\/www.medinaction.com\/service\/medicos-a-domicilio-en-italia\/"},"modified":"2024-08-19T10:28:33","modified_gmt":"2024-08-19T08:28:33","slug":"medicos-a-domicilio-en-italia","status":"publish","type":"product","link":"https:\/\/www.medinaction.com\/es\/service\/medicos-a-domicilio-en-italia\/","title":{"rendered":"M\u00e9dicos a domicilio en Italia"},"content":{"rendered":"<div class=\"fusion-fullwidth fullwidth-box fusion-builder-row-1 fusion-flex-container has-pattern-background has-mask-background nonhundred-percent-fullwidth non-hundred-percent-height-scrolling\" style=\"--awb-border-radius-top-left:0px;--awb-border-radius-top-right:0px;--awb-border-radius-bottom-right:0px;--awb-border-radius-bottom-left:0px;--awb-padding-top:4%;--awb-padding-right:0px;--awb-padding-left:0px;--awb-margin-bottom:0px;--awb-flex-wrap:wrap;\" ><div class=\"fusion-builder-row fusion-row fusion-flex-align-items-flex-start fusion-flex-content-wrap\" style=\"max-width:1320.8px;margin-left: calc(-4% \/ 2 );margin-right: calc(-4% \/ 2 );\"><div class=\"fusion-layout-column fusion_builder_column fusion-builder-column-0 fusion_builder_column_1_1 1_1 fusion-flex-column\" style=\"--awb-bg-size:cover;--awb-width-large:100%;--awb-margin-top-large:0px;--awb-spacing-right-large:1.92%;--awb-margin-bottom-large:0px;--awb-spacing-left-large:1.92%;--awb-width-medium:100%;--awb-spacing-right-medium:1.92%;--awb-spacing-left-medium:1.92%;--awb-width-small:100%;--awb-spacing-right-small:1.92%;--awb-spacing-left-small:1.92%;\"><div class=\"fusion-column-wrapper fusion-flex-justify-content-flex-start fusion-content-layout-column\"><div class=\"fusion-text fusion-text-1\"><p><strong>Precios para M\u00e9dicos Generales:<\/strong><\/p>\n<p>120 \u20ac durante el horario laboral, de 10 a.m. a 8 p.m.<\/p>\n<p>140 \u20ac fuera del horario laboral (a partir de las 8 p.m.), en d\u00edas festivos y fines de semana.<\/p>\n<p><strong>Precios para Especialistas y Pediatras:<\/strong><\/p>\n<p>140 \u20ac durante el horario laboral, de 10 a.m. a 8 p.m.<\/p>\n<p>160 \u20ac fuera del horario laboral (a partir de las 8 p.m.), en d\u00edas festivos y fines de semana. * El precio no incluye suministros m\u00e9dicos.<\/p>\n<p><strong>Facturaci\u00f3n directa con estas aseguradoras:<\/strong><\/p>\n<ul>\n<li>AXA<\/li>\n<li>CIGNA<\/li>\n<li>CISI<\/li>\n<li>GEO BLUE<\/li>\n<li>INTERNATIONAL SOS<\/li>\n<li>ON CALL INTERNATIONAL<\/li>\n<li>HEALIX<\/li>\n<li>CHUBB<\/li>\n<\/ul>\n<div class=\"group w-full text-gray-800 dark:text-gray-100 border-b border-black\/10 dark:border-gray-900\/50 bg-gray-50 dark:bg-&#091;#444654&#093;\">\n<div class=\"flex p-4 gap-4 text-base md:gap-6 md:max-w-2xl lg:max-w-xl xl:max-w-3xl md:py-6 lg:px-0 m-auto\">\n<div class=\"relative flex w-&#091;calc(100%-50px)&#093; flex-col gap-1 md:gap-3 lg:w-&#091;calc(100%-115px)&#093;\">\n<div class=\"flex flex-grow flex-col gap-3\">\n<div class=\"min-h-&#091;20px&#093; flex flex-col items-start gap-4 whitespace-pre-wrap break-words\">\n<div class=\"markdown prose w-full break-words dark:prose-invert light\">\n<p><strong>Antes de reservar, por favor cont\u00e1ctanos para verificar la cobertura de tu p\u00f3liza de seguro.<\/strong> Algunas aseguradoras requieren una Garant\u00eda de Pago (GOP), otras implican un pago por adelantado con reembolso posterior, y algunas requieren una identificaci\u00f3n de seguro. Contacta con el servicio de atenci\u00f3n al cliente para obtener aclaraciones.<\/p>\n<\/div>\n<\/div>\n<\/div>\n<\/div>\n<\/div>\n<\/div>\n<p><strong>El doctor te confirmar\u00e1 la cita.<\/strong><\/p>\n<\/div><\/div><\/div><\/div><\/div>\n","protected":false},"excerpt":{"rendered":"<h2 style=\"font-size: 17px; line-height: 26px; font-family: Raleway; color: #656a70;\">Reserva una cita con un m\u00e9dico licenciado y consulta con \u00e9l el mismo d\u00eda. Es muy sencillo y conveniente para ti, en cualquier momento y lugar.<\/h2>\n<p style=\"text-align: center;\"><span style=\"color: #ff0000;\">Si no encuentras disponibilidad en el calendario, cont\u00e1ctanos a trav\u00e9s del chat. Haremos todo lo posible para encontrar una soluci\u00f3n. <\/span><\/p>\n","protected":false},"featured_media":72031,"template":"","meta":[],"product_brand":[],"product_cat":[260],"product_tag":[272,279,273,271,278,269,277],"class_list":{"0":"post-70647","1":"product","2":"type-product","3":"status-publish","4":"has-post-thumbnail","6":"product_cat-servicios-medicos-a-domicilio","7":"product_tag-bolonia","8":"product_tag-costa-amalfitana","9":"product_tag-florencia","10":"product_tag-milan-es","11":"product_tag-napoles","12":"product_tag-roma-es","13":"product_tag-venecia","15":"first","16":"instock","17":"featured","18":"sold-individually","19":"shipping-taxable","20":"purchasable","21":"product-type-booking"},"booking_location":"","booking_location_type":"","booking_duration":1,"booking_duration_unit":"hour","booking_buffer":0,"booking_cost":140,"booking_resources":[],"yoast_head":"<!-- This site is optimized with the Yoast SEO Premium plugin v25.7.1 (Yoast SEO v27.4) - https:\/\/yoast.com\/product\/yoast-seo-premium-wordpress\/ -->\n<title>M\u00e9dicos a domicilio en Roma, Florencia e Italia - Medinaction<\/title>\n<meta name=\"description\" content=\"M\u00e9dicos a domicilio en Roma, Mil\u00e1n, Florencia, N\u00e1poles, Venecia, Bolonia y la Costa Amalfitana. Solicita una visita ahora. Precio a partir de 120 \u20ac.\" \/>\n<meta name=\"robots\" content=\"index, follow, max-snippet:-1, max-image-preview:large, max-video-preview:-1\" \/>\n<link rel=\"canonical\" href=\"https:\/\/www.medinaction.com\/es\/service\/medicos-a-domicilio-en-italia\/\" \/>\n<meta property=\"og:locale\" content=\"es_ES\" \/>\n<meta property=\"og:type\" content=\"article\" \/>\n<meta property=\"og:title\" content=\"M\u00e9dicos a domicilio en Italia\" \/>\n<meta property=\"og:description\" content=\"M\u00e9dicos a domicilio en Roma, Mil\u00e1n, Florencia, N\u00e1poles, Venecia, Bolonia y la Costa Amalfitana. Solicita una visita ahora. Precio a partir de 120 \u20ac.\" \/>\n<meta property=\"og:url\" content=\"https:\/\/www.medinaction.com\/es\/service\/medicos-a-domicilio-en-italia\/\" \/>\n<meta property=\"og:site_name\" content=\"Medinaction\" \/>\n<meta property=\"article:publisher\" content=\"https:\/\/www.facebook.com\/MedinAction\/\" \/>\n<meta property=\"article:modified_time\" content=\"2024-08-19T08:28:33+00:00\" \/>\n<meta property=\"og:image\" content=\"https:\/\/www.medinaction.com\/wp-content\/uploads\/2023\/03\/medicos-a-domicilio-en-italia.jpg\" \/>\n\t<meta property=\"og:image:width\" content=\"1080\" \/>\n\t<meta property=\"og:image:height\" content=\"1080\" \/>\n\t<meta property=\"og:image:type\" content=\"image\/jpeg\" \/>\n<meta name=\"twitter:card\" content=\"summary_large_image\" \/>\n<meta name=\"twitter:site\" content=\"@medinaction\" \/>\n<meta name=\"twitter:label1\" content=\"Precio\" \/>\n\t<meta name=\"twitter:data1\" content=\"&euro;120.00\" \/>\n\t<meta name=\"twitter:label2\" content=\"Disponibilidad\" \/>\n\t<meta name=\"twitter:data2\" content=\"Disponible\" \/>\n<script type=\"application\/ld+json\" class=\"yoast-schema-graph\">{\"@context\":\"https:\\\/\\\/schema.org\",\"@graph\":[{\"@type\":\"WebPage\",\"@id\":\"https:\\\/\\\/www.medinaction.com\\\/es\\\/service\\\/medicos-a-domicilio-en-italia\\\/\",\"url\":\"https:\\\/\\\/www.medinaction.com\\\/es\\\/service\\\/medicos-a-domicilio-en-italia\\\/\",\"name\":\"M\u00e9dicos a domicilio en Roma, Florencia e Italia - Medinaction\",\"isPartOf\":{\"@id\":\"https:\\\/\\\/www.medinaction.com\\\/es\\\/#website\"},\"primaryImageOfPage\":{\"@id\":\"https:\\\/\\\/www.medinaction.com\\\/es\\\/service\\\/medicos-a-domicilio-en-italia\\\/#primaryimage\"},\"image\":{\"@id\":\"https:\\\/\\\/www.medinaction.com\\\/es\\\/service\\\/medicos-a-domicilio-en-italia\\\/#primaryimage\"},\"thumbnailUrl\":\"https:\\\/\\\/www.medinaction.com\\\/wp-content\\\/uploads\\\/2023\\\/03\\\/medicos-a-domicilio-en-italia.jpg\",\"datePublished\":\"2023-03-08T15:55:40+00:00\",\"dateModified\":\"2024-08-19T08:28:33+00:00\",\"description\":\"M\u00e9dicos a domicilio en Roma, Mil\u00e1n, Florencia, N\u00e1poles, Venecia, Bolonia y la Costa Amalfitana. Solicita una visita ahora. Precio a partir de 120 \u20ac.\",\"breadcrumb\":{\"@id\":\"https:\\\/\\\/www.medinaction.com\\\/es\\\/service\\\/medicos-a-domicilio-en-italia\\\/#breadcrumb\"},\"inLanguage\":\"es\",\"potentialAction\":[{\"@type\":\"ReadAction\",\"target\":[\"https:\\\/\\\/www.medinaction.com\\\/es\\\/service\\\/medicos-a-domicilio-en-italia\\\/\"]}]},{\"@type\":\"ImageObject\",\"inLanguage\":\"es\",\"@id\":\"https:\\\/\\\/www.medinaction.com\\\/es\\\/service\\\/medicos-a-domicilio-en-italia\\\/#primaryimage\",\"url\":\"https:\\\/\\\/www.medinaction.com\\\/wp-content\\\/uploads\\\/2023\\\/03\\\/medicos-a-domicilio-en-italia.jpg\",\"contentUrl\":\"https:\\\/\\\/www.medinaction.com\\\/wp-content\\\/uploads\\\/2023\\\/03\\\/medicos-a-domicilio-en-italia.jpg\",\"width\":1080,\"height\":1080,\"caption\":\"medicos a domicilio en italia\"},{\"@type\":\"BreadcrumbList\",\"@id\":\"https:\\\/\\\/www.medinaction.com\\\/es\\\/service\\\/medicos-a-domicilio-en-italia\\\/#breadcrumb\",\"itemListElement\":[{\"@type\":\"ListItem\",\"position\":1,\"name\":\"Home\",\"item\":\"https:\\\/\\\/www.medinaction.com\\\/es\\\/\"},{\"@type\":\"ListItem\",\"position\":2,\"name\":\"Shop\",\"item\":\"https:\\\/\\\/www.medinaction.com\\\/shop\\\/\"},{\"@type\":\"ListItem\",\"position\":3,\"name\":\"M\u00e9dicos a domicilio en Italia\"}]},{\"@type\":\"WebSite\",\"@id\":\"https:\\\/\\\/www.medinaction.com\\\/es\\\/#website\",\"url\":\"https:\\\/\\\/www.medinaction.com\\\/es\\\/\",\"name\":\"Medinaction\",\"description\":\"House Call Doctors in Italy and Spain\",\"publisher\":{\"@id\":\"https:\\\/\\\/www.medinaction.com\\\/es\\\/#organization\"},\"potentialAction\":[{\"@type\":\"SearchAction\",\"target\":{\"@type\":\"EntryPoint\",\"urlTemplate\":\"https:\\\/\\\/www.medinaction.com\\\/es\\\/?s={search_term_string}\"},\"query-input\":{\"@type\":\"PropertyValueSpecification\",\"valueRequired\":true,\"valueName\":\"search_term_string\"}}],\"inLanguage\":\"es\"},{\"@type\":\"Organization\",\"@id\":\"https:\\\/\\\/www.medinaction.com\\\/es\\\/#organization\",\"name\":\"Medinaction\",\"url\":\"https:\\\/\\\/www.medinaction.com\\\/es\\\/\",\"logo\":{\"@type\":\"ImageObject\",\"inLanguage\":\"es\",\"@id\":\"https:\\\/\\\/www.medinaction.com\\\/es\\\/#\\\/schema\\\/logo\\\/image\\\/\",\"url\":\"https:\\\/\\\/www.medinaction.com\\\/wp-content\\\/uploads\\\/2023\\\/07\\\/logo-medinaction.png\",\"contentUrl\":\"https:\\\/\\\/www.medinaction.com\\\/wp-content\\\/uploads\\\/2023\\\/07\\\/logo-medinaction.png\",\"width\":500,\"height\":500,\"caption\":\"Medinaction\"},\"image\":{\"@id\":\"https:\\\/\\\/www.medinaction.com\\\/es\\\/#\\\/schema\\\/logo\\\/image\\\/\"},\"sameAs\":[\"https:\\\/\\\/www.facebook.com\\\/MedinAction\\\/\",\"https:\\\/\\\/x.com\\\/medinaction\"]}]}<\/script>\n<meta property=\"product:price:amount\" content=\"120.00\" \/>\n<meta property=\"product:price:currency\" content=\"EUR\" \/>\n<meta property=\"og:availability\" content=\"instock\" \/>\n<meta property=\"product:availability\" content=\"instock\" \/>\n<meta property=\"product:condition\" content=\"new\" \/>\n<!-- \/ Yoast SEO Premium plugin. -->","yoast_head_json":{"title":"M\u00e9dicos a domicilio en Roma, Florencia e Italia - Medinaction","description":"M\u00e9dicos a domicilio en Roma, Mil\u00e1n, Florencia, N\u00e1poles, Venecia, Bolonia y la Costa Amalfitana. Solicita una visita ahora. Precio a partir de 120 \u20ac.","robots":{"index":"index","follow":"follow","max-snippet":"max-snippet:-1","max-image-preview":"max-image-preview:large","max-video-preview":"max-video-preview:-1"},"canonical":"https:\/\/www.medinaction.com\/es\/service\/medicos-a-domicilio-en-italia\/","og_locale":"es_ES","og_type":"article","og_title":"M\u00e9dicos a domicilio en Italia","og_description":"M\u00e9dicos a domicilio en Roma, Mil\u00e1n, Florencia, N\u00e1poles, Venecia, Bolonia y la Costa Amalfitana. Solicita una visita ahora. Precio a partir de 120 \u20ac.","og_url":"https:\/\/www.medinaction.com\/es\/service\/medicos-a-domicilio-en-italia\/","og_site_name":"Medinaction","article_publisher":"https:\/\/www.facebook.com\/MedinAction\/","article_modified_time":"2024-08-19T08:28:33+00:00","og_image":[{"width":1080,"height":1080,"url":"https:\/\/www.medinaction.com\/wp-content\/uploads\/2023\/03\/medicos-a-domicilio-en-italia.jpg","type":"image\/jpeg"}],"twitter_card":"summary_large_image","twitter_site":"@medinaction","twitter_misc":{"Precio":"&euro;120.00","Disponibilidad":"Disponible"},"schema":{"@context":"https:\/\/schema.org","@graph":[{"@type":"WebPage","@id":"https:\/\/www.medinaction.com\/es\/service\/medicos-a-domicilio-en-italia\/","url":"https:\/\/www.medinaction.com\/es\/service\/medicos-a-domicilio-en-italia\/","name":"M\u00e9dicos a domicilio en Roma, Florencia e Italia - Medinaction","isPartOf":{"@id":"https:\/\/www.medinaction.com\/es\/#website"},"primaryImageOfPage":{"@id":"https:\/\/www.medinaction.com\/es\/service\/medicos-a-domicilio-en-italia\/#primaryimage"},"image":{"@id":"https:\/\/www.medinaction.com\/es\/service\/medicos-a-domicilio-en-italia\/#primaryimage"},"thumbnailUrl":"https:\/\/www.medinaction.com\/wp-content\/uploads\/2023\/03\/medicos-a-domicilio-en-italia.jpg","datePublished":"2023-03-08T15:55:40+00:00","dateModified":"2024-08-19T08:28:33+00:00","description":"M\u00e9dicos a domicilio en Roma, Mil\u00e1n, Florencia, N\u00e1poles, Venecia, Bolonia y la Costa Amalfitana. Solicita una visita ahora. Precio a partir de 120 \u20ac.","breadcrumb":{"@id":"https:\/\/www.medinaction.com\/es\/service\/medicos-a-domicilio-en-italia\/#breadcrumb"},"inLanguage":"es","potentialAction":[{"@type":"ReadAction","target":["https:\/\/www.medinaction.com\/es\/service\/medicos-a-domicilio-en-italia\/"]}]},{"@type":"ImageObject","inLanguage":"es","@id":"https:\/\/www.medinaction.com\/es\/service\/medicos-a-domicilio-en-italia\/#primaryimage","url":"https:\/\/www.medinaction.com\/wp-content\/uploads\/2023\/03\/medicos-a-domicilio-en-italia.jpg","contentUrl":"https:\/\/www.medinaction.com\/wp-content\/uploads\/2023\/03\/medicos-a-domicilio-en-italia.jpg","width":1080,"height":1080,"caption":"medicos a domicilio en italia"},{"@type":"BreadcrumbList","@id":"https:\/\/www.medinaction.com\/es\/service\/medicos-a-domicilio-en-italia\/#breadcrumb","itemListElement":[{"@type":"ListItem","position":1,"name":"Home","item":"https:\/\/www.medinaction.com\/es\/"},{"@type":"ListItem","position":2,"name":"Shop","item":"https:\/\/www.medinaction.com\/shop\/"},{"@type":"ListItem","position":3,"name":"M\u00e9dicos a domicilio en Italia"}]},{"@type":"WebSite","@id":"https:\/\/www.medinaction.com\/es\/#website","url":"https:\/\/www.medinaction.com\/es\/","name":"Medinaction","description":"House Call Doctors in Italy and Spain","publisher":{"@id":"https:\/\/www.medinaction.com\/es\/#organization"},"potentialAction":[{"@type":"SearchAction","target":{"@type":"EntryPoint","urlTemplate":"https:\/\/www.medinaction.com\/es\/?s={search_term_string}"},"query-input":{"@type":"PropertyValueSpecification","valueRequired":true,"valueName":"search_term_string"}}],"inLanguage":"es"},{"@type":"Organization","@id":"https:\/\/www.medinaction.com\/es\/#organization","name":"Medinaction","url":"https:\/\/www.medinaction.com\/es\/","logo":{"@type":"ImageObject","inLanguage":"es","@id":"https:\/\/www.medinaction.com\/es\/#\/schema\/logo\/image\/","url":"https:\/\/www.medinaction.com\/wp-content\/uploads\/2023\/07\/logo-medinaction.png","contentUrl":"https:\/\/www.medinaction.com\/wp-content\/uploads\/2023\/07\/logo-medinaction.png","width":500,"height":500,"caption":"Medinaction"},"image":{"@id":"https:\/\/www.medinaction.com\/es\/#\/schema\/logo\/image\/"},"sameAs":["https:\/\/www.facebook.com\/MedinAction\/","https:\/\/x.com\/medinaction"]}]},"product_price_amount":"120.00","product_price_currency":"EUR","og_availability":"instock","product_availability":"instock","product_condition":"new"},"_links":{"self":[{"href":"https:\/\/www.medinaction.com\/es\/wp-json\/wp\/v2\/product\/70647","targetHints":{"allow":["GET"]}}],"collection":[{"href":"https:\/\/www.medinaction.com\/es\/wp-json\/wp\/v2\/product"}],"about":[{"href":"https:\/\/www.medinaction.com\/es\/wp-json\/wp\/v2\/types\/product"}],"wp:featuredmedia":[{"embeddable":true,"href":"https:\/\/www.medinaction.com\/es\/wp-json\/wp\/v2\/media\/72031"}],"wp:attachment":[{"href":"https:\/\/www.medinaction.com\/es\/wp-json\/wp\/v2\/media?parent=70647"}],"wp:term":[{"taxonomy":"product_brand","embeddable":true,"href":"https:\/\/www.medinaction.com\/es\/wp-json\/wp\/v2\/product_brand?post=70647"},{"taxonomy":"product_cat","embeddable":true,"href":"https:\/\/www.medinaction.com\/es\/wp-json\/wp\/v2\/product_cat?post=70647"},{"taxonomy":"product_tag","embeddable":true,"href":"https:\/\/www.medinaction.com\/es\/wp-json\/wp\/v2\/product_tag?post=70647"}],"curies":[{"name":"wp","href":"https:\/\/api.w.org\/{rel}","templated":true}]}}