{"id":72080,"date":"2023-02-17T12:22:34","date_gmt":"2023-02-17T11:22:34","guid":{"rendered":"https:\/\/www.medinaction.com\/service\/consulta-medica-en-linea\/"},"modified":"2025-03-03T16:39:03","modified_gmt":"2025-03-03T15:39:03","slug":"consulta-medica-en-linea","status":"publish","type":"product","link":"https:\/\/www.medinaction.com\/es\/service\/consulta-medica-en-linea\/","title":{"rendered":"Consulta m\u00e9dica en l\u00ednea"},"content":{"rendered":"<div class=\"fusion-fullwidth fullwidth-box fusion-builder-row-1 fusion-flex-container has-pattern-background has-mask-background hundred-percent-fullwidth hundred-percent-height hundred-percent-height-center-content non-hundred-percent-height-scrolling\" style=\"--awb-border-radius-top-left:0px;--awb-border-radius-top-right:0px;--awb-border-radius-bottom-right:0px;--awb-border-radius-bottom-left:0px;--awb-padding-top:4%;--awb-padding-right:0px;--awb-padding-left:0px;--awb-margin-bottom:0px;--awb-flex-wrap:wrap;\" ><div class=\"fusion-builder-row fusion-row fusion-flex-align-items-flex-start fusion-flex-content-wrap\" style=\"width:104% !important;max-width:104% !important;margin-left: calc(-4% \/ 2 );margin-right: calc(-4% \/ 2 );\"><div class=\"fusion-layout-column fusion_builder_column fusion-builder-column-0 fusion_builder_column_1_1 1_1 fusion-flex-column\" style=\"--awb-bg-blend:overlay;--awb-bg-size:cover;--awb-width-large:100%;--awb-margin-top-large:0px;--awb-spacing-right-large:1.92%;--awb-margin-bottom-large:0px;--awb-spacing-left-large:1.92%;--awb-width-medium:100%;--awb-spacing-right-medium:1.92%;--awb-spacing-left-medium:1.92%;--awb-width-small:100%;--awb-spacing-right-small:1.92%;--awb-spacing-left-small:1.92%;\"><div class=\"fusion-column-wrapper fusion-flex-justify-content-flex-start fusion-content-layout-column\"><div class=\"fusion-text fusion-text-1\"><p>Los servicios de Consulta M\u00e9dica en L\u00ednea de MedinAction proporcionan informaci\u00f3n de salud y recomendaciones \u00fanicamente. La Consulta M\u00e9dica en L\u00ednea eval\u00faa la informaci\u00f3n proporcionada por los clientes y luego ofrece informaci\u00f3n sobre factores de riesgo y estad\u00edsticas relevantes. Este servicio no sustituye una evaluaci\u00f3n en persona por parte de un m\u00e9dico y no debe utilizarse en una emergencia m\u00e9dica.<\/p>\n<p><strong>Precios:<\/strong><br \/>\n50 \u20ac de lunes a viernes de 10 a.m. a 7 p.m. (+30 \u20ac para especialistas)<br \/>\n80 \u20ac de lunes a viernes despu\u00e9s de las 7 p.m. y s\u00e1bados y domingos de 10 a.m. a 9 p.m. (+30 \u20ac para especialistas)<\/p>\n<p><strong>\u00bfC\u00f3mo funciona?<\/strong><\/p>\n<ul>\n<li>Elige a tu M\u00e9dico General, Pediatra, Especialista o Psic\u00f3logo (m\u00e1ximo 30 minutos)<\/li>\n<li>Reserva tu consulta m\u00e9dica en l\u00ednea<\/li>\n<li>Nuestros operadores te contactar\u00e1n para confirmar tu reserva<\/li>\n<li>El m\u00e9dico te contactar\u00e1 a la hora reservada.<\/li>\n<\/ul>\n<p><strong>Facturaci\u00f3n directa con estas aseguradoras:<br \/>\n<\/strong><\/p>\n<ul>\n<li>AXA<\/li>\n<li>CIGNA<\/li>\n<li>CISI<\/li>\n<li>GEO BLUE<\/li>\n<li>INTERNATIONAL SOS<\/li>\n<li>ON CALL INTERNATIONAL<\/li>\n<li>HEALIX<\/li>\n<li>CHUBB<\/li>\n<\/ul>\n<div class=\"group w-full text-gray-800 dark:text-gray-100 border-b border-black\/10 dark:border-gray-900\/50 bg-gray-50 dark:bg-&#091;#444654&#093;\">\n<div class=\"flex p-4 gap-4 text-base md:gap-6 md:max-w-2xl lg:max-w-xl xl:max-w-3xl md:py-6 lg:px-0 m-auto\">\n<div class=\"relative flex w-&#091;calc(100%-50px)&#093; flex-col gap-1 md:gap-3 lg:w-&#091;calc(100%-115px)&#093;\">\n<div class=\"flex flex-grow flex-col gap-3\">\n<div class=\"min-h-&#091;20px&#093; flex flex-col items-start gap-4 whitespace-pre-wrap break-words\"><\/div>\n<\/div>\n<\/div>\n<\/div>\n<\/div>\n<\/div><\/div><\/div><\/div><\/div>\n","protected":false},"excerpt":{"rendered":"<h2 style=\"font-size: 17px; line-height: 26px; font-family: Raleway; color: #656a70;\">Habla con un m\u00e9dico, pediatra o psic\u00f3logo licenciado en l\u00ednea desde la privacidad y comodidad de tu hogar.<\/h2>\n","protected":false},"featured_media":72804,"template":"","meta":[],"product_brand":[],"product_cat":[268],"product_tag":[274,272,279,273,270,275,276,271,278,269,280,277],"class_list":{"0":"post-72080","1":"product","2":"type-product","3":"status-publish","4":"has-post-thumbnail","6":"product_cat-visitas-en-linea","7":"product_tag-barcelona-es","8":"product_tag-bolonia","9":"product_tag-costa-amalfitana","10":"product_tag-florencia","11":"product_tag-ibiza-es","12":"product_tag-madrid-es","13":"product_tag-malaga-es","14":"product_tag-milan-es","15":"product_tag-napoles","16":"product_tag-roma-es","17":"product_tag-taormina-es","18":"product_tag-venecia","20":"first","21":"instock","22":"featured","23":"virtual","24":"sold-individually","25":"purchasable","26":"product-type-booking"},"booking_location":"","booking_location_type":"","booking_duration":1,"booking_duration_unit":"hour","booking_buffer":0,"booking_cost":50,"booking_resources":[72081,72082,72083,72084],"yoast_head":"<!-- This site is optimized with the Yoast SEO Premium plugin v25.7.1 (Yoast SEO v27.5) - https:\/\/yoast.com\/product\/yoast-seo-premium-wordpress\/ -->\n<title>Consulta m\u00e9dica en l\u00ednea y Recetas m\u00e9dicas - Medinaction<\/title>\n<meta name=\"description\" content=\"Habla con un m\u00e9dico, pediatra o psic\u00f3logo licenciado en l\u00ednea desde la comodidad de tu hogar. Reserva ahora tu consulta por video y obt\u00e9n tu receta.\" \/>\n<meta name=\"robots\" content=\"index, follow, max-snippet:-1, max-image-preview:large, max-video-preview:-1\" \/>\n<link rel=\"canonical\" href=\"https:\/\/www.medinaction.com\/es\/service\/consulta-medica-en-linea\/\" \/>\n<meta property=\"og:locale\" content=\"es_ES\" \/>\n<meta property=\"og:type\" content=\"article\" \/>\n<meta property=\"og:title\" content=\"Consulta m\u00e9dica en l\u00ednea\" \/>\n<meta property=\"og:description\" content=\"Habla con un m\u00e9dico, pediatra o psic\u00f3logo licenciado en l\u00ednea desde la comodidad de tu hogar. Reserva ahora tu consulta por video y obt\u00e9n tu receta.\" \/>\n<meta property=\"og:url\" content=\"https:\/\/www.medinaction.com\/es\/service\/consulta-medica-en-linea\/\" \/>\n<meta property=\"og:site_name\" content=\"Medinaction\" \/>\n<meta property=\"article:publisher\" content=\"https:\/\/www.facebook.com\/MedinAction\/\" \/>\n<meta property=\"article:modified_time\" content=\"2025-03-03T15:39:03+00:00\" \/>\n<meta property=\"og:image\" content=\"https:\/\/www.medinaction.com\/wp-content\/uploads\/2023\/02\/medinaction-online-medical-consultation.jpg\" \/>\n\t<meta property=\"og:image:width\" content=\"900\" \/>\n\t<meta property=\"og:image:height\" content=\"900\" \/>\n\t<meta property=\"og:image:type\" content=\"image\/jpeg\" \/>\n<meta name=\"twitter:card\" content=\"summary_large_image\" \/>\n<meta name=\"twitter:site\" content=\"@medinaction\" \/>\n<meta name=\"twitter:label1\" content=\"Precio\" \/>\n\t<meta name=\"twitter:data1\" content=\"&euro;50.00\" \/>\n\t<meta name=\"twitter:label2\" content=\"Disponibilidad\" \/>\n\t<meta name=\"twitter:data2\" content=\"Disponible\" \/>\n<script type=\"application\/ld+json\" class=\"yoast-schema-graph\">{\"@context\":\"https:\\\/\\\/schema.org\",\"@graph\":[{\"@type\":\"WebPage\",\"@id\":\"https:\\\/\\\/www.medinaction.com\\\/es\\\/service\\\/consulta-medica-en-linea\\\/\",\"url\":\"https:\\\/\\\/www.medinaction.com\\\/es\\\/service\\\/consulta-medica-en-linea\\\/\",\"name\":\"Consulta m\u00e9dica en l\u00ednea y Recetas m\u00e9dicas - Medinaction\",\"isPartOf\":{\"@id\":\"https:\\\/\\\/www.medinaction.com\\\/es\\\/#website\"},\"primaryImageOfPage\":{\"@id\":\"https:\\\/\\\/www.medinaction.com\\\/es\\\/service\\\/consulta-medica-en-linea\\\/#primaryimage\"},\"image\":{\"@id\":\"https:\\\/\\\/www.medinaction.com\\\/es\\\/service\\\/consulta-medica-en-linea\\\/#primaryimage\"},\"thumbnailUrl\":\"https:\\\/\\\/www.medinaction.com\\\/wp-content\\\/uploads\\\/2023\\\/02\\\/medinaction-online-medical-consultation.jpg\",\"datePublished\":\"2023-02-17T11:22:34+00:00\",\"dateModified\":\"2025-03-03T15:39:03+00:00\",\"description\":\"Habla con un m\u00e9dico, pediatra o psic\u00f3logo licenciado en l\u00ednea desde la comodidad de tu hogar. Reserva ahora tu consulta por video y obt\u00e9n tu receta.\",\"breadcrumb\":{\"@id\":\"https:\\\/\\\/www.medinaction.com\\\/es\\\/service\\\/consulta-medica-en-linea\\\/#breadcrumb\"},\"inLanguage\":\"es\",\"potentialAction\":[{\"@type\":\"ReadAction\",\"target\":[\"https:\\\/\\\/www.medinaction.com\\\/es\\\/service\\\/consulta-medica-en-linea\\\/\"]}]},{\"@type\":\"ImageObject\",\"inLanguage\":\"es\",\"@id\":\"https:\\\/\\\/www.medinaction.com\\\/es\\\/service\\\/consulta-medica-en-linea\\\/#primaryimage\",\"url\":\"https:\\\/\\\/www.medinaction.com\\\/wp-content\\\/uploads\\\/2023\\\/02\\\/medinaction-online-medical-consultation.jpg\",\"contentUrl\":\"https:\\\/\\\/www.medinaction.com\\\/wp-content\\\/uploads\\\/2023\\\/02\\\/medinaction-online-medical-consultation.jpg\",\"width\":900,\"height\":900,\"caption\":\"medinaction consulta medica en linea\"},{\"@type\":\"BreadcrumbList\",\"@id\":\"https:\\\/\\\/www.medinaction.com\\\/es\\\/service\\\/consulta-medica-en-linea\\\/#breadcrumb\",\"itemListElement\":[{\"@type\":\"ListItem\",\"position\":1,\"name\":\"Home\",\"item\":\"https:\\\/\\\/www.medinaction.com\\\/es\\\/\"},{\"@type\":\"ListItem\",\"position\":2,\"name\":\"Shop\",\"item\":\"https:\\\/\\\/www.medinaction.com\\\/shop\\\/\"},{\"@type\":\"ListItem\",\"position\":3,\"name\":\"Consulta m\u00e9dica en l\u00ednea\"}]},{\"@type\":\"WebSite\",\"@id\":\"https:\\\/\\\/www.medinaction.com\\\/es\\\/#website\",\"url\":\"https:\\\/\\\/www.medinaction.com\\\/es\\\/\",\"name\":\"Medinaction\",\"description\":\"House Call Doctors in Italy and Spain\",\"publisher\":{\"@id\":\"https:\\\/\\\/www.medinaction.com\\\/es\\\/#organization\"},\"potentialAction\":[{\"@type\":\"SearchAction\",\"target\":{\"@type\":\"EntryPoint\",\"urlTemplate\":\"https:\\\/\\\/www.medinaction.com\\\/es\\\/?s={search_term_string}\"},\"query-input\":{\"@type\":\"PropertyValueSpecification\",\"valueRequired\":true,\"valueName\":\"search_term_string\"}}],\"inLanguage\":\"es\"},{\"@type\":\"Organization\",\"@id\":\"https:\\\/\\\/www.medinaction.com\\\/es\\\/#organization\",\"name\":\"Medinaction\",\"url\":\"https:\\\/\\\/www.medinaction.com\\\/es\\\/\",\"logo\":{\"@type\":\"ImageObject\",\"inLanguage\":\"es\",\"@id\":\"https:\\\/\\\/www.medinaction.com\\\/es\\\/#\\\/schema\\\/logo\\\/image\\\/\",\"url\":\"https:\\\/\\\/www.medinaction.com\\\/wp-content\\\/uploads\\\/2023\\\/07\\\/logo-medinaction.png\",\"contentUrl\":\"https:\\\/\\\/www.medinaction.com\\\/wp-content\\\/uploads\\\/2023\\\/07\\\/logo-medinaction.png\",\"width\":500,\"height\":500,\"caption\":\"Medinaction\"},\"image\":{\"@id\":\"https:\\\/\\\/www.medinaction.com\\\/es\\\/#\\\/schema\\\/logo\\\/image\\\/\"},\"sameAs\":[\"https:\\\/\\\/www.facebook.com\\\/MedinAction\\\/\",\"https:\\\/\\\/x.com\\\/medinaction\"]}]}<\/script>\n<meta property=\"product:price:amount\" content=\"50.00\" \/>\n<meta property=\"product:price:currency\" content=\"EUR\" \/>\n<meta property=\"og:availability\" content=\"instock\" \/>\n<meta property=\"product:availability\" content=\"instock\" \/>\n<meta property=\"product:condition\" content=\"new\" \/>\n<!-- \/ Yoast SEO Premium plugin. -->","yoast_head_json":{"title":"Consulta m\u00e9dica en l\u00ednea y Recetas m\u00e9dicas - Medinaction","description":"Habla con un m\u00e9dico, pediatra o psic\u00f3logo licenciado en l\u00ednea desde la comodidad de tu hogar. Reserva ahora tu consulta por video y obt\u00e9n tu receta.","robots":{"index":"index","follow":"follow","max-snippet":"max-snippet:-1","max-image-preview":"max-image-preview:large","max-video-preview":"max-video-preview:-1"},"canonical":"https:\/\/www.medinaction.com\/es\/service\/consulta-medica-en-linea\/","og_locale":"es_ES","og_type":"article","og_title":"Consulta m\u00e9dica en l\u00ednea","og_description":"Habla con un m\u00e9dico, pediatra o psic\u00f3logo licenciado en l\u00ednea desde la comodidad de tu hogar. Reserva ahora tu consulta por video y obt\u00e9n tu receta.","og_url":"https:\/\/www.medinaction.com\/es\/service\/consulta-medica-en-linea\/","og_site_name":"Medinaction","article_publisher":"https:\/\/www.facebook.com\/MedinAction\/","article_modified_time":"2025-03-03T15:39:03+00:00","og_image":[{"width":900,"height":900,"url":"https:\/\/www.medinaction.com\/wp-content\/uploads\/2023\/02\/medinaction-online-medical-consultation.jpg","type":"image\/jpeg"}],"twitter_card":"summary_large_image","twitter_site":"@medinaction","twitter_misc":{"Precio":"&euro;50.00","Disponibilidad":"Disponible"},"schema":{"@context":"https:\/\/schema.org","@graph":[{"@type":"WebPage","@id":"https:\/\/www.medinaction.com\/es\/service\/consulta-medica-en-linea\/","url":"https:\/\/www.medinaction.com\/es\/service\/consulta-medica-en-linea\/","name":"Consulta m\u00e9dica en l\u00ednea y Recetas m\u00e9dicas - Medinaction","isPartOf":{"@id":"https:\/\/www.medinaction.com\/es\/#website"},"primaryImageOfPage":{"@id":"https:\/\/www.medinaction.com\/es\/service\/consulta-medica-en-linea\/#primaryimage"},"image":{"@id":"https:\/\/www.medinaction.com\/es\/service\/consulta-medica-en-linea\/#primaryimage"},"thumbnailUrl":"https:\/\/www.medinaction.com\/wp-content\/uploads\/2023\/02\/medinaction-online-medical-consultation.jpg","datePublished":"2023-02-17T11:22:34+00:00","dateModified":"2025-03-03T15:39:03+00:00","description":"Habla con un m\u00e9dico, pediatra o psic\u00f3logo licenciado en l\u00ednea desde la comodidad de tu hogar. Reserva ahora tu consulta por video y obt\u00e9n tu receta.","breadcrumb":{"@id":"https:\/\/www.medinaction.com\/es\/service\/consulta-medica-en-linea\/#breadcrumb"},"inLanguage":"es","potentialAction":[{"@type":"ReadAction","target":["https:\/\/www.medinaction.com\/es\/service\/consulta-medica-en-linea\/"]}]},{"@type":"ImageObject","inLanguage":"es","@id":"https:\/\/www.medinaction.com\/es\/service\/consulta-medica-en-linea\/#primaryimage","url":"https:\/\/www.medinaction.com\/wp-content\/uploads\/2023\/02\/medinaction-online-medical-consultation.jpg","contentUrl":"https:\/\/www.medinaction.com\/wp-content\/uploads\/2023\/02\/medinaction-online-medical-consultation.jpg","width":900,"height":900,"caption":"medinaction consulta medica en linea"},{"@type":"BreadcrumbList","@id":"https:\/\/www.medinaction.com\/es\/service\/consulta-medica-en-linea\/#breadcrumb","itemListElement":[{"@type":"ListItem","position":1,"name":"Home","item":"https:\/\/www.medinaction.com\/es\/"},{"@type":"ListItem","position":2,"name":"Shop","item":"https:\/\/www.medinaction.com\/shop\/"},{"@type":"ListItem","position":3,"name":"Consulta m\u00e9dica en l\u00ednea"}]},{"@type":"WebSite","@id":"https:\/\/www.medinaction.com\/es\/#website","url":"https:\/\/www.medinaction.com\/es\/","name":"Medinaction","description":"House Call Doctors in Italy and Spain","publisher":{"@id":"https:\/\/www.medinaction.com\/es\/#organization"},"potentialAction":[{"@type":"SearchAction","target":{"@type":"EntryPoint","urlTemplate":"https:\/\/www.medinaction.com\/es\/?s={search_term_string}"},"query-input":{"@type":"PropertyValueSpecification","valueRequired":true,"valueName":"search_term_string"}}],"inLanguage":"es"},{"@type":"Organization","@id":"https:\/\/www.medinaction.com\/es\/#organization","name":"Medinaction","url":"https:\/\/www.medinaction.com\/es\/","logo":{"@type":"ImageObject","inLanguage":"es","@id":"https:\/\/www.medinaction.com\/es\/#\/schema\/logo\/image\/","url":"https:\/\/www.medinaction.com\/wp-content\/uploads\/2023\/07\/logo-medinaction.png","contentUrl":"https:\/\/www.medinaction.com\/wp-content\/uploads\/2023\/07\/logo-medinaction.png","width":500,"height":500,"caption":"Medinaction"},"image":{"@id":"https:\/\/www.medinaction.com\/es\/#\/schema\/logo\/image\/"},"sameAs":["https:\/\/www.facebook.com\/MedinAction\/","https:\/\/x.com\/medinaction"]}]},"product_price_amount":"50.00","product_price_currency":"EUR","og_availability":"instock","product_availability":"instock","product_condition":"new"},"_links":{"self":[{"href":"https:\/\/www.medinaction.com\/es\/wp-json\/wp\/v2\/product\/72080","targetHints":{"allow":["GET"]}}],"collection":[{"href":"https:\/\/www.medinaction.com\/es\/wp-json\/wp\/v2\/product"}],"about":[{"href":"https:\/\/www.medinaction.com\/es\/wp-json\/wp\/v2\/types\/product"}],"wp:featuredmedia":[{"embeddable":true,"href":"https:\/\/www.medinaction.com\/es\/wp-json\/wp\/v2\/media\/72804"}],"wp:attachment":[{"href":"https:\/\/www.medinaction.com\/es\/wp-json\/wp\/v2\/media?parent=72080"}],"wp:term":[{"taxonomy":"product_brand","embeddable":true,"href":"https:\/\/www.medinaction.com\/es\/wp-json\/wp\/v2\/product_brand?post=72080"},{"taxonomy":"product_cat","embeddable":true,"href":"https:\/\/www.medinaction.com\/es\/wp-json\/wp\/v2\/product_cat?post=72080"},{"taxonomy":"product_tag","embeddable":true,"href":"https:\/\/www.medinaction.com\/es\/wp-json\/wp\/v2\/product_tag?post=72080"}],"curies":[{"name":"wp","href":"https:\/\/api.w.org\/{rel}","templated":true}]}}